{"id":25941,"date":"2025-11-13T12:26:22","date_gmt":"2025-11-13T10:26:22","guid":{"rendered":"https:\/\/morganafishing.it\/?post_type=product&#038;p=25941"},"modified":"2026-04-09T09:04:46","modified_gmt":"2026-04-09T08:04:46","slug":"motore-wireless-di-ricambio-con-telecomando-pollicino","status":"publish","type":"product","link":"https:\/\/morganafishing.it\/en\/product\/motore-wireless-di-ricambio-con-telecomando-pollicino\/","title":{"rendered":"Motore Wireless di Ricambio con Telecomando \u2013 Pollicino"},"content":{"rendered":"<p data-start=\"703\" data-end=\"1044\" class=\"translation-block\">The <strong data-start=\"706\" data-end=\"753\">Replacement Wireless Motor with Remote Control<\/strong> is the official component designed to replace the motor of the new generation Pollicino models.<br data-start=\"859\" data-end=\"862\">This motor unit integrates the <strong data-start=\"909\" data-end=\"934\">rechargeable battery<\/strong>, eliminating the need for external connections and ensuring simple, tidy and cable-free use.<\/p>\n<p data-start=\"1046\" data-end=\"1311\" class=\"translation-block\">The body is designed to withstand the marine environment and protect the internal components from humidity, vibrations, and salt spray.<br data-start=\"1172\" data-end=\"1175\">The lower part houses the connector for the container handling system, with a stable structure aligned with the original.<\/p>\n<p data-start=\"1313\" data-end=\"1538\">Il telecomando incluso permette di gestire facilmente l\u2019attivazione del motore, con una trasmissione wireless stabile e immediata. L\u2019accoppiamento tra motore e telecomando \u00e8 gi\u00e0 predisposto, senza necessit\u00e0 di configurazioni.<\/p>\n<p data-start=\"1540\" data-end=\"1646\">Il ricambio \u00e8 completamente compatibile con <strong data-start=\"1584\" data-end=\"1612\">Pollicino Clear Wireless<\/strong> e <strong data-start=\"1615\" data-end=\"1645\">Pollicino Stealth Wireless<\/strong>.<\/p>\n<h3 data-start=\"1648\" data-end=\"1684\"><strong data-start=\"1652\" data-end=\"1682\">Main features<\/strong><\/h3>\n<ul data-start=\"1685\" data-end=\"2057\">\n<li data-start=\"1685\" data-end=\"1730\">\n<p data-start=\"1687\" data-end=\"1730\" class=\"translation-block\">Original engine for <strong data-start=\"1716\" data-end=\"1728\">Wireless<\/strong> models<\/p>\n<\/li>\n<li data-start=\"1731\" data-end=\"1774\">\n<p data-start=\"1733\" data-end=\"1774\" class=\"translation-block\"><strong data-start=\"1733\" data-end=\"1755\">Battery integrated into the motor body<\/strong><\/p>\n<\/li>\n<li data-start=\"1775\" data-end=\"1829\">\n<p data-start=\"1777\" data-end=\"1829\" class=\"translation-block\">Control system via <strong data-start=\"1804\" data-end=\"1827\">remote control included<\/strong><\/p>\n<\/li>\n<li data-start=\"1830\" data-end=\"1876\">\n<p data-start=\"1832\" data-end=\"1876\">Struttura progettata per l\u2019ambiente marino<\/p>\n<\/li>\n<li data-start=\"1877\" data-end=\"1946\">\n<p data-start=\"1879\" data-end=\"1946\" class=\"translation-block\">Compatible with <strong data-start=\"1903\" data-end=\"1921\">Clear Wireless<\/strong> and <strong data-start=\"1924\" data-end=\"1944\">Stealth Wireless<\/strong> models<\/p>\n<\/li>\n<li data-start=\"1947\" data-end=\"1985\">\n<p data-start=\"1949\" data-end=\"1985\">Easy assembly, no wiring required<\/p>\n<\/li>\n<li data-start=\"1986\" data-end=\"2057\">\n<p data-start=\"1988\" data-end=\"2057\">Official spare part, identical to the engine supplied with new products<\/p>\n<\/li>\n<li data-start=\"1837\" data-end=\"1891\">Lithium-ion batteries<\/li>\n<li data-start=\"1837\" data-end=\"1891\">Lasts up to 8 hours<\/li>\n<\/ul>","protected":false},"excerpt":{"rendered":"<p class=\"translation-block\">The <strong data-start=\"366\" data-end=\"413\">Replacement Wireless Motor with Remote Control<\/strong> is the original motor assembly for the Pollicino wireless models. Equipped with a built-in battery and wireless transmission system, it ensures reliable performance, immediate response, and complete compatibility with the Clear Wireless and Stealth Wireless versions.<\/p>","protected":false},"featured_media":26100,"comment_status":"open","ping_status":"closed","template":"","meta":[],"product_brand":[255],"product_cat":[259,221,258,72],"product_tag":[283,273,281,307,294,276,280,279,302],"class_list":{"0":"post-25941","1":"product","2":"type-product","3":"status-publish","4":"has-post-thumbnail","6":"product_brand-morgana-fishing-technology","7":"product_cat-accessori-ricambi","8":"product_cat-fishing","9":"product_cat-getta-sarde-pollicino","10":"product_cat-tutto","11":"product_tag-accessori-pesca-premium","12":"product_tag-getta-sarde","13":"product_tag-innovazione-pesca","14":"product_tag-motore-wireless","15":"product_tag-pesca","16":"product_tag-pesca-in-mare","17":"product_tag-pesca-professionale","18":"product_tag-pesca-sportiva","19":"product_tag-pollicino","20":"product_shipping_class-spezione-standard","22":"first","23":"instock","24":"shipping-taxable","25":"purchasable","26":"product-type-simple"},"yoast_head":"<!-- This site is optimized with the Yoast SEO plugin v27.4 - https:\/\/yoast.com\/product\/yoast-seo-wordpress\/ -->\n<title>Motore Wireless di Ricambio con Telecomando \u2013 Pollicino - MORGANA Fishing Technology<\/title>\n<meta name=\"description\" content=\"Motore wireless di ricambio per Pollicino con batteria integrata e telecomando. Ricambio originale, resistente e compatibile con versioni Clear e Stealth Wireless.\" \/>\n<meta name=\"robots\" content=\"index, follow, max-snippet:-1, max-image-preview:large, max-video-preview:-1\" \/>\n<link rel=\"canonical\" href=\"https:\/\/morganafishing.it\/en\/product\/motore-wireless-di-ricambio-con-telecomando-pollicino\/\" \/>\n<meta property=\"og:locale\" content=\"en_GB\" \/>\n<meta property=\"og:type\" content=\"article\" \/>\n<meta property=\"og:title\" content=\"Motore Wireless di Ricambio con Telecomando \u2013 Pollicino - MORGANA Fishing Technology\" \/>\n<meta property=\"og:description\" content=\"Motore wireless di ricambio per Pollicino con batteria integrata e telecomando. Ricambio originale, resistente e compatibile con versioni Clear e Stealth Wireless.\" \/>\n<meta property=\"og:url\" content=\"https:\/\/morganafishing.it\/en\/product\/motore-wireless-di-ricambio-con-telecomando-pollicino\/\" \/>\n<meta property=\"og:site_name\" content=\"MORGANA Fishing Technology\" \/>\n<meta property=\"article:publisher\" content=\"https:\/\/www.facebook.com\/morganafishing\" \/>\n<meta property=\"article:modified_time\" content=\"2026-04-09T08:04:46+00:00\" \/>\n<meta property=\"og:image\" content=\"https:\/\/morganafishing.it\/wp-content\/uploads\/2025\/11\/motore-wireless-getta-sarde-pollicino.jpg\" \/>\n\t<meta property=\"og:image:width\" content=\"1200\" \/>\n\t<meta property=\"og:image:height\" content=\"1200\" \/>\n\t<meta property=\"og:image:type\" content=\"image\/jpeg\" \/>\n<meta name=\"twitter:card\" content=\"summary_large_image\" \/>\n<meta name=\"twitter:label1\" content=\"Estimated reading time\" \/>\n\t<meta name=\"twitter:data1\" content=\"2 minutes\" \/>\n<script type=\"application\/ld+json\" class=\"yoast-schema-graph\">{\"@context\":\"https:\\\/\\\/schema.org\",\"@graph\":[{\"@type\":\"WebPage\",\"@id\":\"https:\\\/\\\/morganafishing.it\\\/product\\\/motore-wireless-di-ricambio-con-telecomando-pollicino\\\/\",\"url\":\"https:\\\/\\\/morganafishing.it\\\/product\\\/motore-wireless-di-ricambio-con-telecomando-pollicino\\\/\",\"name\":\"Motore Wireless di Ricambio con Telecomando \u2013 Pollicino - MORGANA Fishing Technology\",\"isPartOf\":{\"@id\":\"https:\\\/\\\/morganafishing.it\\\/#website\"},\"primaryImageOfPage\":{\"@id\":\"https:\\\/\\\/morganafishing.it\\\/product\\\/motore-wireless-di-ricambio-con-telecomando-pollicino\\\/#primaryimage\"},\"image\":{\"@id\":\"https:\\\/\\\/morganafishing.it\\\/product\\\/motore-wireless-di-ricambio-con-telecomando-pollicino\\\/#primaryimage\"},\"thumbnailUrl\":\"https:\\\/\\\/morganafishing.it\\\/wp-content\\\/uploads\\\/2025\\\/11\\\/motore-wireless-getta-sarde-pollicino.jpg\",\"datePublished\":\"2025-11-13T10:26:22+00:00\",\"dateModified\":\"2026-04-09T08:04:46+00:00\",\"description\":\"Motore wireless di ricambio per Pollicino con batteria integrata e telecomando. Ricambio originale, resistente e compatibile con versioni Clear e Stealth Wireless.\",\"breadcrumb\":{\"@id\":\"https:\\\/\\\/morganafishing.it\\\/product\\\/motore-wireless-di-ricambio-con-telecomando-pollicino\\\/#breadcrumb\"},\"inLanguage\":\"en-GB\",\"potentialAction\":[{\"@type\":\"ReadAction\",\"target\":[\"https:\\\/\\\/morganafishing.it\\\/product\\\/motore-wireless-di-ricambio-con-telecomando-pollicino\\\/\"]}]},{\"@type\":\"ImageObject\",\"inLanguage\":\"en-GB\",\"@id\":\"https:\\\/\\\/morganafishing.it\\\/product\\\/motore-wireless-di-ricambio-con-telecomando-pollicino\\\/#primaryimage\",\"url\":\"https:\\\/\\\/morganafishing.it\\\/wp-content\\\/uploads\\\/2025\\\/11\\\/motore-wireless-getta-sarde-pollicino.jpg\",\"contentUrl\":\"https:\\\/\\\/morganafishing.it\\\/wp-content\\\/uploads\\\/2025\\\/11\\\/motore-wireless-getta-sarde-pollicino.jpg\",\"width\":1200,\"height\":1200,\"caption\":\"Motore wireless completa di telecomando e caricatore per il sistema Pollicino.\"},{\"@type\":\"BreadcrumbList\",\"@id\":\"https:\\\/\\\/morganafishing.it\\\/product\\\/motore-wireless-di-ricambio-con-telecomando-pollicino\\\/#breadcrumb\",\"itemListElement\":[{\"@type\":\"ListItem\",\"position\":1,\"name\":\"Home\",\"item\":\"https:\\\/\\\/morganafishing.it\\\/\"},{\"@type\":\"ListItem\",\"position\":2,\"name\":\"Shop\",\"item\":\"https:\\\/\\\/morganafishing.it\\\/shop\\\/\"},{\"@type\":\"ListItem\",\"position\":3,\"name\":\"Motore Wireless di Ricambio con Telecomando \u2013 Pollicino\"}]},{\"@type\":\"WebSite\",\"@id\":\"https:\\\/\\\/morganafishing.it\\\/#website\",\"url\":\"https:\\\/\\\/morganafishing.it\\\/\",\"name\":\"MORGANA Fishing Technology\",\"description\":\"Attrezzatura da pesca innovativa, progettata da pescatori per pescatori\",\"publisher\":{\"@id\":\"https:\\\/\\\/morganafishing.it\\\/#organization\"},\"alternateName\":\"prodotti per la pesca in mare, lago, fiume\",\"potentialAction\":[{\"@type\":\"SearchAction\",\"target\":{\"@type\":\"EntryPoint\",\"urlTemplate\":\"https:\\\/\\\/morganafishing.it\\\/?s={search_term_string}\"},\"query-input\":{\"@type\":\"PropertyValueSpecification\",\"valueRequired\":true,\"valueName\":\"search_term_string\"}}],\"inLanguage\":\"en-GB\"},{\"@type\":\"Organization\",\"@id\":\"https:\\\/\\\/morganafishing.it\\\/#organization\",\"name\":\"MORGANA Fishing Technology\",\"url\":\"https:\\\/\\\/morganafishing.it\\\/\",\"logo\":{\"@type\":\"ImageObject\",\"inLanguage\":\"en-GB\",\"@id\":\"https:\\\/\\\/morganafishing.it\\\/#\\\/schema\\\/logo\\\/image\\\/\",\"url\":\"https:\\\/\\\/morganafishing.it\\\/wp-content\\\/uploads\\\/2025\\\/08\\\/cropped-logo-retina-morrgana.jpg\",\"contentUrl\":\"https:\\\/\\\/morganafishing.it\\\/wp-content\\\/uploads\\\/2025\\\/08\\\/cropped-logo-retina-morrgana.jpg\",\"width\":282,\"height\":128,\"caption\":\"MORGANA Fishing Technology\"},\"image\":{\"@id\":\"https:\\\/\\\/morganafishing.it\\\/#\\\/schema\\\/logo\\\/image\\\/\"},\"sameAs\":[\"https:\\\/\\\/www.facebook.com\\\/morganafishing\",\"https:\\\/\\\/www.instagram.com\\\/morganafishing\",\"https:\\\/\\\/www.youtube.com\\\/@morganafishing\",\"http:\\\/\\\/tiktok.com\\\/@morganafishingtechnology\"]}]}<\/script>\n<!-- \/ Yoast SEO plugin. -->","yoast_head_json":{"title":"Motore Wireless di Ricambio con Telecomando \u2013 Pollicino - MORGANA Fishing Technology","description":"Motore wireless di ricambio per Pollicino con batteria integrata e telecomando. Ricambio originale, resistente e compatibile con versioni Clear e Stealth Wireless.","robots":{"index":"index","follow":"follow","max-snippet":"max-snippet:-1","max-image-preview":"max-image-preview:large","max-video-preview":"max-video-preview:-1"},"canonical":"https:\/\/morganafishing.it\/en\/product\/motore-wireless-di-ricambio-con-telecomando-pollicino\/","og_locale":"en_GB","og_type":"article","og_title":"Motore Wireless di Ricambio con Telecomando \u2013 Pollicino - MORGANA Fishing Technology","og_description":"Motore wireless di ricambio per Pollicino con batteria integrata e telecomando. Ricambio originale, resistente e compatibile con versioni Clear e Stealth Wireless.","og_url":"https:\/\/morganafishing.it\/en\/product\/motore-wireless-di-ricambio-con-telecomando-pollicino\/","og_site_name":"MORGANA Fishing Technology","article_publisher":"https:\/\/www.facebook.com\/morganafishing","article_modified_time":"2026-04-09T08:04:46+00:00","og_image":[{"width":1200,"height":1200,"url":"https:\/\/morganafishing.it\/wp-content\/uploads\/2025\/11\/motore-wireless-getta-sarde-pollicino.jpg","type":"image\/jpeg"}],"twitter_card":"summary_large_image","twitter_misc":{"Estimated reading time":"2 minutes"},"schema":{"@context":"https:\/\/schema.org","@graph":[{"@type":"WebPage","@id":"https:\/\/morganafishing.it\/product\/motore-wireless-di-ricambio-con-telecomando-pollicino\/","url":"https:\/\/morganafishing.it\/product\/motore-wireless-di-ricambio-con-telecomando-pollicino\/","name":"Motore Wireless di Ricambio con Telecomando \u2013 Pollicino - MORGANA Fishing Technology","isPartOf":{"@id":"https:\/\/morganafishing.it\/#website"},"primaryImageOfPage":{"@id":"https:\/\/morganafishing.it\/product\/motore-wireless-di-ricambio-con-telecomando-pollicino\/#primaryimage"},"image":{"@id":"https:\/\/morganafishing.it\/product\/motore-wireless-di-ricambio-con-telecomando-pollicino\/#primaryimage"},"thumbnailUrl":"https:\/\/morganafishing.it\/wp-content\/uploads\/2025\/11\/motore-wireless-getta-sarde-pollicino.jpg","datePublished":"2025-11-13T10:26:22+00:00","dateModified":"2026-04-09T08:04:46+00:00","description":"Motore wireless di ricambio per Pollicino con batteria integrata e telecomando. Ricambio originale, resistente e compatibile con versioni Clear e Stealth Wireless.","breadcrumb":{"@id":"https:\/\/morganafishing.it\/product\/motore-wireless-di-ricambio-con-telecomando-pollicino\/#breadcrumb"},"inLanguage":"en-GB","potentialAction":[{"@type":"ReadAction","target":["https:\/\/morganafishing.it\/product\/motore-wireless-di-ricambio-con-telecomando-pollicino\/"]}]},{"@type":"ImageObject","inLanguage":"en-GB","@id":"https:\/\/morganafishing.it\/product\/motore-wireless-di-ricambio-con-telecomando-pollicino\/#primaryimage","url":"https:\/\/morganafishing.it\/wp-content\/uploads\/2025\/11\/motore-wireless-getta-sarde-pollicino.jpg","contentUrl":"https:\/\/morganafishing.it\/wp-content\/uploads\/2025\/11\/motore-wireless-getta-sarde-pollicino.jpg","width":1200,"height":1200,"caption":"Motore wireless completa di telecomando e caricatore per il sistema Pollicino."},{"@type":"BreadcrumbList","@id":"https:\/\/morganafishing.it\/product\/motore-wireless-di-ricambio-con-telecomando-pollicino\/#breadcrumb","itemListElement":[{"@type":"ListItem","position":1,"name":"Home","item":"https:\/\/morganafishing.it\/"},{"@type":"ListItem","position":2,"name":"Shop","item":"https:\/\/morganafishing.it\/shop\/"},{"@type":"ListItem","position":3,"name":"Motore Wireless di Ricambio con Telecomando \u2013 Pollicino"}]},{"@type":"WebSite","@id":"https:\/\/morganafishing.it\/#website","url":"https:\/\/morganafishing.it\/","name":"MORGANA Fishing Technology","description":"Attrezzatura da pesca innovativa, progettata da pescatori per pescatori","publisher":{"@id":"https:\/\/morganafishing.it\/#organization"},"alternateName":"prodotti per la pesca in mare, lago, fiume","potentialAction":[{"@type":"SearchAction","target":{"@type":"EntryPoint","urlTemplate":"https:\/\/morganafishing.it\/?s={search_term_string}"},"query-input":{"@type":"PropertyValueSpecification","valueRequired":true,"valueName":"search_term_string"}}],"inLanguage":"en-GB"},{"@type":"Organization","@id":"https:\/\/morganafishing.it\/#organization","name":"MORGANA Fishing Technology","url":"https:\/\/morganafishing.it\/","logo":{"@type":"ImageObject","inLanguage":"en-GB","@id":"https:\/\/morganafishing.it\/#\/schema\/logo\/image\/","url":"https:\/\/morganafishing.it\/wp-content\/uploads\/2025\/08\/cropped-logo-retina-morrgana.jpg","contentUrl":"https:\/\/morganafishing.it\/wp-content\/uploads\/2025\/08\/cropped-logo-retina-morrgana.jpg","width":282,"height":128,"caption":"MORGANA Fishing Technology"},"image":{"@id":"https:\/\/morganafishing.it\/#\/schema\/logo\/image\/"},"sameAs":["https:\/\/www.facebook.com\/morganafishing","https:\/\/www.instagram.com\/morganafishing","https:\/\/www.youtube.com\/@morganafishing","http:\/\/tiktok.com\/@morganafishingtechnology"]}]}},"_links":{"self":[{"href":"https:\/\/morganafishing.it\/en\/wp-json\/wp\/v2\/product\/25941","targetHints":{"allow":["GET"]}}],"collection":[{"href":"https:\/\/morganafishing.it\/en\/wp-json\/wp\/v2\/product"}],"about":[{"href":"https:\/\/morganafishing.it\/en\/wp-json\/wp\/v2\/types\/product"}],"replies":[{"embeddable":true,"href":"https:\/\/morganafishing.it\/en\/wp-json\/wp\/v2\/comments?post=25941"}],"wp:featuredmedia":[{"embeddable":true,"href":"https:\/\/morganafishing.it\/en\/wp-json\/wp\/v2\/media\/26100"}],"wp:attachment":[{"href":"https:\/\/morganafishing.it\/en\/wp-json\/wp\/v2\/media?parent=25941"}],"wp:term":[{"taxonomy":"product_brand","embeddable":true,"href":"https:\/\/morganafishing.it\/en\/wp-json\/wp\/v2\/product_brand?post=25941"},{"taxonomy":"product_cat","embeddable":true,"href":"https:\/\/morganafishing.it\/en\/wp-json\/wp\/v2\/product_cat?post=25941"},{"taxonomy":"product_tag","embeddable":true,"href":"https:\/\/morganafishing.it\/en\/wp-json\/wp\/v2\/product_tag?post=25941"}],"curies":[{"name":"wp","href":"https:\/\/api.w.org\/{rel}","templated":true}]}}